{"id":1336,"date":"2025-02-27T17:19:41","date_gmt":"2025-02-27T21:19:41","guid":{"rendered":"https:\/\/1riboavista.com.br\/new\/?page_id=1336"},"modified":"2025-02-27T22:16:28","modified_gmt":"2025-02-28T02:16:28","slug":"consulta-online","status":"publish","type":"page","link":"https:\/\/1riboavista.com.br\/new\/consulta-online\/","title":{"rendered":"Consulta Online"},"content":{"rendered":"\t\t<div data-elementor-type=\"wp-page\" data-elementor-id=\"1336\" class=\"elementor elementor-1336\">\n\t\t\t\t<div class=\"elementor-element elementor-element-7d35095 e-flex e-con-boxed wpr-particle-no wpr-jarallax-no wpr-parallax-no wpr-sticky-section-no e-con e-parent\" data-id=\"7d35095\" data-element_type=\"container\">\n\t\t\t\t\t<div class=\"e-con-inner\">\n\t\t\t\t<div class=\"elementor-element elementor-element-ad169a2 elementor-widget elementor-widget-text-editor\" data-id=\"ad169a2\" data-element_type=\"widget\" data-widget_type=\"text-editor.default\">\n\t\t\t\t<div class=\"elementor-widget-container\">\n\t\t\t\t\t\t\t\t\t<p>A\u00a0<b>compet\u00eancia do Registro de im\u00f3veis<\/b>, est\u00e1 baseada na lei 6.015\/73, fundamentada atrav\u00e9s de\u00a0<b>registro<\/b>\u00a0em ato cartorial, declarando quem \u00e9 o propriet\u00e1rio formal e legal do\u00a0<b>im\u00f3vel<\/b>, protegendo de eventuais fraudes, e comprovando a veracidade do documento, inclusive quando o mesmo for transferido de uma pessoa para a outra.<\/p><div class=\"container\"><div class=\"row\"><div class=\"col\"><p>Munic\u00edpios da nossa Compet\u00eancia Registral s\u00e3o <strong>Boa Vista e Cant\u00e1<\/strong>.<\/p><\/div><\/div><\/div><footer class=\"w_rodape\"><div class=\"container\"><div class=\"row justify-content-end\"><div class=\"col-md-5\">\u00a0<\/div><\/div><\/div><\/footer>\t\t\t\t\t\t\t\t<\/div>\n\t\t\t\t<\/div>\n\t\t\t\t\t<\/div>\n\t\t\t\t<\/div>\n\t\t<div class=\"elementor-element elementor-element-3d75211 e-con-full e-flex wpr-particle-no wpr-jarallax-no wpr-parallax-no wpr-sticky-section-no e-con e-parent\" data-id=\"3d75211\" data-element_type=\"container\">\n\t\t<div class=\"elementor-element elementor-element-9470c74 e-con-full e-flex wpr-particle-no wpr-jarallax-no wpr-parallax-no wpr-sticky-section-no e-con e-parent\" data-id=\"9470c74\" data-element_type=\"container\">\n\t\t\t\t<div class=\"elementor-element elementor-element-26ad721 elementor-widget elementor-widget-google_maps\" data-id=\"26ad721\" data-element_type=\"widget\" data-widget_type=\"google_maps.default\">\n\t\t\t\t<div class=\"elementor-widget-container\">\n\t\t\t\t\t\t\t<div class=\"elementor-custom-embed\">\n\t\t\t<iframe loading=\"lazy\"\n\t\t\t\t\tsrc=\"https:\/\/maps.google.com\/maps?q=boa%20vista%20Roraima&#038;t=m&#038;z=10&#038;output=embed&#038;iwloc=near\"\n\t\t\t\t\ttitle=\"boa vista Roraima\"\n\t\t\t\t\taria-label=\"boa vista Roraima\"\n\t\t\t><\/iframe>\n\t\t<\/div>\n\t\t\t\t\t\t<\/div>\n\t\t\t\t<\/div>\n\t\t\t\t<\/div>\n\t\t<div class=\"elementor-element elementor-element-0147ca2 e-con-full e-flex wpr-particle-no wpr-jarallax-no wpr-parallax-no wpr-sticky-section-no e-con e-parent\" data-id=\"0147ca2\" data-element_type=\"container\">\n\t\t\t\t<div class=\"elementor-element elementor-element-7a15ee1 elementor-widget elementor-widget-google_maps\" data-id=\"7a15ee1\" data-element_type=\"widget\" data-widget_type=\"google_maps.default\">\n\t\t\t\t<div class=\"elementor-widget-container\">\n\t\t\t\t\t\t\t<div class=\"elementor-custom-embed\">\n\t\t\t<iframe loading=\"lazy\"\n\t\t\t\t\tsrc=\"https:\/\/maps.google.com\/maps?q=cant%C3%A1%20roraima&#038;t=m&#038;z=10&#038;output=embed&#038;iwloc=near\"\n\t\t\t\t\ttitle=\"cant\u00e1 roraima\"\n\t\t\t\t\taria-label=\"cant\u00e1 roraima\"\n\t\t\t><\/iframe>\n\t\t<\/div>\n\t\t\t\t\t\t<\/div>\n\t\t\t\t<\/div>\n\t\t\t\t<\/div>\n\t\t\t\t<\/div>\n\t\t\t\t<\/div>\n\t\t","protected":false},"excerpt":{"rendered":"<p>A\u00a0compet\u00eancia do Registro de im\u00f3veis, est\u00e1 baseada na lei 6.015\/73, fundamentada atrav\u00e9s de\u00a0registro\u00a0em ato cartorial, declarando quem \u00e9 o propriet\u00e1rio formal e legal do\u00a0im\u00f3vel, protegendo de eventuais fraudes, e comprovando a veracidade do documento, inclusive quando o mesmo for transferido de uma pessoa para a outra. Munic\u00edpios da nossa Compet\u00eancia Registral s\u00e3o Boa Vista e Cant\u00e1. \u00a0<\/p>\n","protected":false},"author":1,"featured_media":0,"parent":0,"menu_order":0,"comment_status":"closed","ping_status":"closed","template":"page-consulta.php","meta":{"footnotes":""},"class_list":["post-1336","page","type-page","status-publish","hentry"],"_links":{"self":[{"href":"https:\/\/1riboavista.com.br\/new\/wp-json\/wp\/v2\/pages\/1336","targetHints":{"allow":["GET"]}}],"collection":[{"href":"https:\/\/1riboavista.com.br\/new\/wp-json\/wp\/v2\/pages"}],"about":[{"href":"https:\/\/1riboavista.com.br\/new\/wp-json\/wp\/v2\/types\/page"}],"author":[{"embeddable":true,"href":"https:\/\/1riboavista.com.br\/new\/wp-json\/wp\/v2\/users\/1"}],"replies":[{"embeddable":true,"href":"https:\/\/1riboavista.com.br\/new\/wp-json\/wp\/v2\/comments?post=1336"}],"version-history":[{"count":2,"href":"https:\/\/1riboavista.com.br\/new\/wp-json\/wp\/v2\/pages\/1336\/revisions"}],"predecessor-version":[{"id":1465,"href":"https:\/\/1riboavista.com.br\/new\/wp-json\/wp\/v2\/pages\/1336\/revisions\/1465"}],"wp:attachment":[{"href":"https:\/\/1riboavista.com.br\/new\/wp-json\/wp\/v2\/media?parent=1336"}],"curies":[{"name":"wp","href":"https:\/\/api.w.org\/{rel}","templated":true}]}}