{"id":275,"date":"2023-04-26T16:45:18","date_gmt":"2023-04-26T16:45:18","guid":{"rendered":"https:\/\/1riboavista.com.br\/new\/?page_id=275"},"modified":"2023-05-03T18:24:08","modified_gmt":"2023-05-03T18:24:08","slug":"registros-e-averbacoes","status":"publish","type":"page","link":"https:\/\/1riboavista.com.br\/new\/registros-e-averbacoes\/","title":{"rendered":"Registro e Averba\u00e7\u00f5es"},"content":{"rendered":"\t\t<div data-elementor-type=\"wp-page\" data-elementor-id=\"275\" class=\"elementor elementor-275\">\n\t\t\t\t<div class=\"elementor-element elementor-element-82a12a0 e-flex e-con-boxed wpr-particle-no wpr-jarallax-no wpr-parallax-no wpr-sticky-section-no e-con e-parent\" data-id=\"82a12a0\" data-element_type=\"container\">\n\t\t\t\t\t<div class=\"e-con-inner\">\n\t\t\t\t<div class=\"elementor-element elementor-element-b8d50c5 elementor-widget elementor-widget-accordion\" data-id=\"b8d50c5\" data-element_type=\"widget\" data-widget_type=\"accordion.default\">\n\t\t\t\t<div class=\"elementor-widget-container\">\n\t\t\t\t\t\t\t<div class=\"elementor-accordion\">\n\t\t\t\t\t\t\t<div class=\"elementor-accordion-item\">\n\t\t\t\t\t<div id=\"elementor-tab-title-1931\" class=\"elementor-tab-title\" data-tab=\"1\" role=\"button\" aria-controls=\"elementor-tab-content-1931\" aria-expanded=\"false\">\n\t\t\t\t\t\t\t\t\t\t\t\t\t<span class=\"elementor-accordion-icon elementor-accordion-icon-left\" aria-hidden=\"true\">\n\t\t\t\t\t\t\t\t\t\t\t\t\t\t\t<span class=\"elementor-accordion-icon-closed\"><svg class=\"e-font-icon-svg e-fas-plus\" viewBox=\"0 0 448 512\" xmlns=\"http:\/\/www.w3.org\/2000\/svg\"><path d=\"M416 208H272V64c0-17.67-14.33-32-32-32h-32c-17.67 0-32 14.33-32 32v144H32c-17.67 0-32 14.33-32 32v32c0 17.67 14.33 32 32 32h144v144c0 17.67 14.33 32 32 32h32c17.67 0 32-14.33 32-32V304h144c17.67 0 32-14.33 32-32v-32c0-17.67-14.33-32-32-32z\"><\/path><\/svg><\/span>\n\t\t\t\t\t\t\t\t<span class=\"elementor-accordion-icon-opened\"><svg class=\"e-font-icon-svg e-fas-minus\" viewBox=\"0 0 448 512\" xmlns=\"http:\/\/www.w3.org\/2000\/svg\"><path d=\"M416 208H32c-17.67 0-32 14.33-32 32v32c0 17.67 14.33 32 32 32h384c17.67 0 32-14.33 32-32v-32c0-17.67-14.33-32-32-32z\"><\/path><\/svg><\/span>\n\t\t\t\t\t\t\t\t\t\t\t\t\t\t<\/span>\n\t\t\t\t\t\t\t\t\t\t\t\t<a class=\"elementor-accordion-title\" tabindex=\"0\">Averba\u00e7\u00e3o de Cancelamento de \u00f4nus<\/a>\n\t\t\t\t\t<\/div>\n\t\t\t\t\t<div id=\"elementor-tab-content-1931\" class=\"elementor-tab-content elementor-clearfix\" data-tab=\"1\" role=\"region\" aria-labelledby=\"elementor-tab-title-1931\"><ul>\n<li>Requerimento contendo a qualifica\u00e7\u00e3o completa do(s) propriet\u00e1rio(s), identifica\u00e7\u00e3o do im\u00f3vel, assinado e com firma reconhecida no Tabelionato de Notas ou digitalmente (conforme art. 2\u00ba, Provimento n\u00ba 100, CNJ);<\/li>\n<li>Termo de quita\u00e7\u00e3o original, emitido pelo credor.<\/li>\n<li>\u00a0<\/li>\n<\/ul>\n<p>\u00a0<\/p>\n<p><a class=\"botao-averbacao\" href=\"http:\/\/1riboavista.com.br\/storage\/files\/2022\/05\/averbacao-de-cancelamento-de-onus.docx\">Averba\u00e7\u00e3o &#8211; Cancelamento de \u00d4nus<\/a><\/p><\/div>\n\t\t\t\t<\/div>\n\t\t\t\t\t\t\t<div class=\"elementor-accordion-item\">\n\t\t\t\t\t<div id=\"elementor-tab-title-1932\" class=\"elementor-tab-title\" data-tab=\"2\" role=\"button\" aria-controls=\"elementor-tab-content-1932\" aria-expanded=\"false\">\n\t\t\t\t\t\t\t\t\t\t\t\t\t<span class=\"elementor-accordion-icon elementor-accordion-icon-left\" aria-hidden=\"true\">\n\t\t\t\t\t\t\t\t\t\t\t\t\t\t\t<span class=\"elementor-accordion-icon-closed\"><svg class=\"e-font-icon-svg e-fas-plus\" viewBox=\"0 0 448 512\" xmlns=\"http:\/\/www.w3.org\/2000\/svg\"><path d=\"M416 208H272V64c0-17.67-14.33-32-32-32h-32c-17.67 0-32 14.33-32 32v144H32c-17.67 0-32 14.33-32 32v32c0 17.67 14.33 32 32 32h144v144c0 17.67 14.33 32 32 32h32c17.67 0 32-14.33 32-32V304h144c17.67 0 32-14.33 32-32v-32c0-17.67-14.33-32-32-32z\"><\/path><\/svg><\/span>\n\t\t\t\t\t\t\t\t<span class=\"elementor-accordion-icon-opened\"><svg class=\"e-font-icon-svg e-fas-minus\" viewBox=\"0 0 448 512\" xmlns=\"http:\/\/www.w3.org\/2000\/svg\"><path d=\"M416 208H32c-17.67 0-32 14.33-32 32v32c0 17.67 14.33 32 32 32h384c17.67 0 32-14.33 32-32v-32c0-17.67-14.33-32-32-32z\"><\/path><\/svg><\/span>\n\t\t\t\t\t\t\t\t\t\t\t\t\t\t<\/span>\n\t\t\t\t\t\t\t\t\t\t\t\t<a class=\"elementor-accordion-title\" tabindex=\"0\">Averba\u00e7\u00e3o de Casamento<\/a>\n\t\t\t\t\t<\/div>\n\t\t\t\t\t<div id=\"elementor-tab-content-1932\" class=\"elementor-tab-content elementor-clearfix\" data-tab=\"2\" role=\"region\" aria-labelledby=\"elementor-tab-title-1932\"><ul>\n<li>Requerimento contendo a qualifica\u00e7\u00e3o completa do(s) propriet\u00e1rio(s), identifica\u00e7\u00e3o do im\u00f3vel, assinado e com firma reconhecida no Tabelionato de Notas ou digitalmente (conforme art. 2\u00ba, Provimento n\u00ba 100, CNJ);<\/li>\n<li>Fotoc\u00f3pia autenticada da certid\u00e3o de casamento;<\/li>\n<li>Escritura p\u00fablica original de pacto antenupcial, se for o caso.<\/li>\n<\/ul>\n<p>&nbsp;<\/p>\n<p><a class=\"botao-averbacao\" href=\"http:\/\/1riboavista.com.br\/storage\/files\/2022\/05\/averbacao-de-casamento.docx\">Averba\u00e7\u00e3o &#8211; Casamento<\/a><\/p>\n<p><a class=\"botao-averbacao\" href=\"http:\/\/1riboavista.com.br\/storage\/files\/2022\/05\/averbacao-de-casamento-pacto-antecupcial.docx\">Averba\u00e7\u00e3o &#8211; Casamento Pacto Antenupcial<\/a><\/p><\/div>\n\t\t\t\t<\/div>\n\t\t\t\t\t\t\t<div class=\"elementor-accordion-item\">\n\t\t\t\t\t<div id=\"elementor-tab-title-1933\" class=\"elementor-tab-title\" data-tab=\"3\" role=\"button\" aria-controls=\"elementor-tab-content-1933\" aria-expanded=\"false\">\n\t\t\t\t\t\t\t\t\t\t\t\t\t<span class=\"elementor-accordion-icon elementor-accordion-icon-left\" aria-hidden=\"true\">\n\t\t\t\t\t\t\t\t\t\t\t\t\t\t\t<span class=\"elementor-accordion-icon-closed\"><svg class=\"e-font-icon-svg e-fas-plus\" viewBox=\"0 0 448 512\" xmlns=\"http:\/\/www.w3.org\/2000\/svg\"><path d=\"M416 208H272V64c0-17.67-14.33-32-32-32h-32c-17.67 0-32 14.33-32 32v144H32c-17.67 0-32 14.33-32 32v32c0 17.67 14.33 32 32 32h144v144c0 17.67 14.33 32 32 32h32c17.67 0 32-14.33 32-32V304h144c17.67 0 32-14.33 32-32v-32c0-17.67-14.33-32-32-32z\"><\/path><\/svg><\/span>\n\t\t\t\t\t\t\t\t<span class=\"elementor-accordion-icon-opened\"><svg class=\"e-font-icon-svg e-fas-minus\" viewBox=\"0 0 448 512\" xmlns=\"http:\/\/www.w3.org\/2000\/svg\"><path d=\"M416 208H32c-17.67 0-32 14.33-32 32v32c0 17.67 14.33 32 32 32h384c17.67 0 32-14.33 32-32v-32c0-17.67-14.33-32-32-32z\"><\/path><\/svg><\/span>\n\t\t\t\t\t\t\t\t\t\t\t\t\t\t<\/span>\n\t\t\t\t\t\t\t\t\t\t\t\t<a class=\"elementor-accordion-title\" tabindex=\"0\">Averba\u00e7\u00e3o de Constru\u00e7\u00e3o e Numera\u00e7\u00e3o Predial<\/a>\n\t\t\t\t\t<\/div>\n\t\t\t\t\t<div id=\"elementor-tab-content-1933\" class=\"elementor-tab-content elementor-clearfix\" data-tab=\"3\" role=\"region\" aria-labelledby=\"elementor-tab-title-1933\"><ul>\n<li>Requerimento contendo a qualifica\u00e7\u00e3o completa do(s) propriet\u00e1rio(s), matr\u00edcula e descri\u00e7\u00e3o da edifica\u00e7\u00e3o a ser averbada, assinado e com firma reconhecida no Tabelionato de Notas ou digitalmente (conforme art. 2\u00ba, Provimento n\u00ba 100, CNJ);<\/li>\n<li>Habite-se (Prefeitura);<\/li>\n<li>Alvar\u00e1 (Prefeitura);<\/li>\n<li>Certid\u00e3o conjunta negativa do INSS (Receita Federal).<\/li>\n<\/ul>\n<p>&nbsp;<\/p>\n<p><a class=\"botao-averbacao\" href=\"http:\/\/1riboavista.com.br\/storage\/files\/2022\/05\/averbacao-de-construcao-e-numeracao-predial-ate-70m2.docx\">AVERBA\u00c7\u00c3O DE CONSTRU\u00c7\u00c3O E NUMERA\u00c7\u00c3O PREDIAL<\/a><\/p>\n<p><a class=\"botao-averbacao\" href=\"http:\/\/1riboavista.com.br\/storage\/files\/2022\/05\/averbacao-de-construcao-e-numeracao-predial-maior-70m2.docx\">AVERBA\u00c7\u00c3O &#8211; CONSTRU\u00c7\u00c3O E NUMERA\u00c7\u00c3O PREDIAL AT\u00c9 70m\u00b2 <\/a><\/p><\/div>\n\t\t\t\t<\/div>\n\t\t\t\t\t\t\t<div class=\"elementor-accordion-item\">\n\t\t\t\t\t<div id=\"elementor-tab-title-1934\" class=\"elementor-tab-title\" data-tab=\"4\" role=\"button\" aria-controls=\"elementor-tab-content-1934\" aria-expanded=\"false\">\n\t\t\t\t\t\t\t\t\t\t\t\t\t<span class=\"elementor-accordion-icon elementor-accordion-icon-left\" aria-hidden=\"true\">\n\t\t\t\t\t\t\t\t\t\t\t\t\t\t\t<span class=\"elementor-accordion-icon-closed\"><svg class=\"e-font-icon-svg e-fas-plus\" viewBox=\"0 0 448 512\" xmlns=\"http:\/\/www.w3.org\/2000\/svg\"><path d=\"M416 208H272V64c0-17.67-14.33-32-32-32h-32c-17.67 0-32 14.33-32 32v144H32c-17.67 0-32 14.33-32 32v32c0 17.67 14.33 32 32 32h144v144c0 17.67 14.33 32 32 32h32c17.67 0 32-14.33 32-32V304h144c17.67 0 32-14.33 32-32v-32c0-17.67-14.33-32-32-32z\"><\/path><\/svg><\/span>\n\t\t\t\t\t\t\t\t<span class=\"elementor-accordion-icon-opened\"><svg class=\"e-font-icon-svg e-fas-minus\" viewBox=\"0 0 448 512\" xmlns=\"http:\/\/www.w3.org\/2000\/svg\"><path d=\"M416 208H32c-17.67 0-32 14.33-32 32v32c0 17.67 14.33 32 32 32h384c17.67 0 32-14.33 32-32v-32c0-17.67-14.33-32-32-32z\"><\/path><\/svg><\/span>\n\t\t\t\t\t\t\t\t\t\t\t\t\t\t<\/span>\n\t\t\t\t\t\t\t\t\t\t\t\t<a class=\"elementor-accordion-title\" tabindex=\"0\">Averba\u00e7\u00e3o de Georrefereciamento<\/a>\n\t\t\t\t\t<\/div>\n\t\t\t\t\t<div id=\"elementor-tab-content-1934\" class=\"elementor-tab-content elementor-clearfix\" data-tab=\"4\" role=\"region\" aria-labelledby=\"elementor-tab-title-1934\"><ul>\n<li>Requerimento contendo a qualifica\u00e7\u00e3o completa do(s) propriet\u00e1rio(s), identifica\u00e7\u00e3o do im\u00f3vel, assinado e com firma reconhecida no Tabelionato de Notas ou digitalmente (conforme art. 2\u00ba, Provimento n\u00ba 100, CNJ);<\/li>\n<li>Planta homologada pelo Sistema de Gest\u00e3o Fundi\u00e1ria \u2013 SIGEF;<\/li>\n<li>Memoria Descritivo homologado pelo Sistema de Gest\u00e3o Fundi\u00e1ria \u2013 SIGEF;<\/li>\n<li>Documento de responsabilidade t\u00e9cnica.<\/li>\n<\/ul>\n<p>\u00a0<\/p>\n<p><a class=\"botao-averbacao\" href=\"http:\/\/1riboavista.com.br\/storage\/files\/2022\/05\/averbacao-de-georreferenciamento.docx\">Averba\u00e7\u00e3o de Georrefereciamento<\/a><\/p>\n<p>\u00a0<\/p><\/div>\n\t\t\t\t<\/div>\n\t\t\t\t\t\t\t<div class=\"elementor-accordion-item\">\n\t\t\t\t\t<div id=\"elementor-tab-title-1935\" class=\"elementor-tab-title\" data-tab=\"5\" role=\"button\" aria-controls=\"elementor-tab-content-1935\" aria-expanded=\"false\">\n\t\t\t\t\t\t\t\t\t\t\t\t\t<span class=\"elementor-accordion-icon elementor-accordion-icon-left\" aria-hidden=\"true\">\n\t\t\t\t\t\t\t\t\t\t\t\t\t\t\t<span class=\"elementor-accordion-icon-closed\"><svg class=\"e-font-icon-svg e-fas-plus\" viewBox=\"0 0 448 512\" xmlns=\"http:\/\/www.w3.org\/2000\/svg\"><path d=\"M416 208H272V64c0-17.67-14.33-32-32-32h-32c-17.67 0-32 14.33-32 32v144H32c-17.67 0-32 14.33-32 32v32c0 17.67 14.33 32 32 32h144v144c0 17.67 14.33 32 32 32h32c17.67 0 32-14.33 32-32V304h144c17.67 0 32-14.33 32-32v-32c0-17.67-14.33-32-32-32z\"><\/path><\/svg><\/span>\n\t\t\t\t\t\t\t\t<span class=\"elementor-accordion-icon-opened\"><svg class=\"e-font-icon-svg e-fas-minus\" viewBox=\"0 0 448 512\" xmlns=\"http:\/\/www.w3.org\/2000\/svg\"><path d=\"M416 208H32c-17.67 0-32 14.33-32 32v32c0 17.67 14.33 32 32 32h384c17.67 0 32-14.33 32-32v-32c0-17.67-14.33-32-32-32z\"><\/path><\/svg><\/span>\n\t\t\t\t\t\t\t\t\t\t\t\t\t\t<\/span>\n\t\t\t\t\t\t\t\t\t\t\t\t<a class=\"elementor-accordion-title\" tabindex=\"0\"> REGISTRO DE ESCRITURA P\u00daBLICA                           <\/a>\n\t\t\t\t\t<\/div>\n\t\t\t\t\t<div id=\"elementor-tab-content-1935\" class=\"elementor-tab-content elementor-clearfix\" data-tab=\"5\" role=\"region\" aria-labelledby=\"elementor-tab-title-1935\"><p><span class=\"Tipodeletrapredefinidodopargrafo\">Escritura p\u00fablica original.<\/span><\/p>\n<p>\u00a0<\/p><\/div>\n\t\t\t\t<\/div>\n\t\t\t\t\t\t\t<div class=\"elementor-accordion-item\">\n\t\t\t\t\t<div id=\"elementor-tab-title-1936\" class=\"elementor-tab-title\" data-tab=\"6\" role=\"button\" aria-controls=\"elementor-tab-content-1936\" aria-expanded=\"false\">\n\t\t\t\t\t\t\t\t\t\t\t\t\t<span class=\"elementor-accordion-icon elementor-accordion-icon-left\" aria-hidden=\"true\">\n\t\t\t\t\t\t\t\t\t\t\t\t\t\t\t<span class=\"elementor-accordion-icon-closed\"><svg class=\"e-font-icon-svg e-fas-plus\" viewBox=\"0 0 448 512\" xmlns=\"http:\/\/www.w3.org\/2000\/svg\"><path d=\"M416 208H272V64c0-17.67-14.33-32-32-32h-32c-17.67 0-32 14.33-32 32v144H32c-17.67 0-32 14.33-32 32v32c0 17.67 14.33 32 32 32h144v144c0 17.67 14.33 32 32 32h32c17.67 0 32-14.33 32-32V304h144c17.67 0 32-14.33 32-32v-32c0-17.67-14.33-32-32-32z\"><\/path><\/svg><\/span>\n\t\t\t\t\t\t\t\t<span class=\"elementor-accordion-icon-opened\"><svg class=\"e-font-icon-svg e-fas-minus\" viewBox=\"0 0 448 512\" xmlns=\"http:\/\/www.w3.org\/2000\/svg\"><path d=\"M416 208H32c-17.67 0-32 14.33-32 32v32c0 17.67 14.33 32 32 32h384c17.67 0 32-14.33 32-32v-32c0-17.67-14.33-32-32-32z\"><\/path><\/svg><\/span>\n\t\t\t\t\t\t\t\t\t\t\t\t\t\t<\/span>\n\t\t\t\t\t\t\t\t\t\t\t\t<a class=\"elementor-accordion-title\" tabindex=\"0\">REGISTRO DE INSTRUMENTO PARTICULAR DE COMPRA E VENDA (LOTE RURAL)<\/a>\n\t\t\t\t\t<\/div>\n\t\t\t\t\t<div id=\"elementor-tab-content-1936\" class=\"elementor-tab-content elementor-clearfix\" data-tab=\"6\" role=\"region\" aria-labelledby=\"elementor-tab-title-1936\"><ul>\n<li>2 vias do instrumento particular original, com as assinaturas reconhecidas no Tabelionato de Notas ou digitalmente (conforme art. 2\u00ba, Provimento n\u00ba 100, CNJ);<\/li>\n<li>ITBI (Prefeitura);<\/li>\n<li>Certid\u00e3o negativa de d\u00e9bitos do im\u00f3vel rural (Receita Federal);<\/li>\n<li>Certificado de cadastro do im\u00f3vel rural (Receita Federal);<\/li>\n<li>Fotoc\u00f3pia do RG, CPF e certid\u00e3o de casamento, se for o caso.<\/li>\n<\/ul>\n<p><span class=\"Tipodeletrapredefinidodopargrafo\">\u00a0<\/span><\/p>\n<p>\u00a0<\/p><\/div>\n\t\t\t\t<\/div>\n\t\t\t\t\t\t\t<div class=\"elementor-accordion-item\">\n\t\t\t\t\t<div id=\"elementor-tab-title-1937\" class=\"elementor-tab-title\" data-tab=\"7\" role=\"button\" aria-controls=\"elementor-tab-content-1937\" aria-expanded=\"false\">\n\t\t\t\t\t\t\t\t\t\t\t\t\t<span class=\"elementor-accordion-icon elementor-accordion-icon-left\" aria-hidden=\"true\">\n\t\t\t\t\t\t\t\t\t\t\t\t\t\t\t<span class=\"elementor-accordion-icon-closed\"><svg class=\"e-font-icon-svg e-fas-plus\" viewBox=\"0 0 448 512\" xmlns=\"http:\/\/www.w3.org\/2000\/svg\"><path d=\"M416 208H272V64c0-17.67-14.33-32-32-32h-32c-17.67 0-32 14.33-32 32v144H32c-17.67 0-32 14.33-32 32v32c0 17.67 14.33 32 32 32h144v144c0 17.67 14.33 32 32 32h32c17.67 0 32-14.33 32-32V304h144c17.67 0 32-14.33 32-32v-32c0-17.67-14.33-32-32-32z\"><\/path><\/svg><\/span>\n\t\t\t\t\t\t\t\t<span class=\"elementor-accordion-icon-opened\"><svg class=\"e-font-icon-svg e-fas-minus\" viewBox=\"0 0 448 512\" xmlns=\"http:\/\/www.w3.org\/2000\/svg\"><path d=\"M416 208H32c-17.67 0-32 14.33-32 32v32c0 17.67 14.33 32 32 32h384c17.67 0 32-14.33 32-32v-32c0-17.67-14.33-32-32-32z\"><\/path><\/svg><\/span>\n\t\t\t\t\t\t\t\t\t\t\t\t\t\t<\/span>\n\t\t\t\t\t\t\t\t\t\t\t\t<a class=\"elementor-accordion-title\" tabindex=\"0\">REGISTRO DE INSTRUMENTO PARTICULAR DE COMPRA E VENDA (LOTE URBANO)<\/a>\n\t\t\t\t\t<\/div>\n\t\t\t\t\t<div id=\"elementor-tab-content-1937\" class=\"elementor-tab-content elementor-clearfix\" data-tab=\"7\" role=\"region\" aria-labelledby=\"elementor-tab-title-1937\"><ul>\n<li>2 vias do instrumento particular original com as assinaturas reconhecidas no Tabelionato de Notas ou digitalmente (conforme art. 2\u00ba, Provimento n\u00ba 100, CNJ);<\/li>\n<li>ITBI (Prefeitura);<\/li>\n<li>Fotoc\u00f3pia do RG, CPF e certid\u00e3o de casamento, se for o caso.<\/li>\n<\/ul>\n<p><span class=\"Tipodeletrapredefinidodopargrafo\">\u00a0<\/span><\/p>\n<p>\u00a0<\/p><\/div>\n\t\t\t\t<\/div>\n\t\t\t\t\t\t\t<div class=\"elementor-accordion-item\">\n\t\t\t\t\t<div id=\"elementor-tab-title-1938\" class=\"elementor-tab-title\" data-tab=\"8\" role=\"button\" aria-controls=\"elementor-tab-content-1938\" aria-expanded=\"false\">\n\t\t\t\t\t\t\t\t\t\t\t\t\t<span class=\"elementor-accordion-icon elementor-accordion-icon-left\" aria-hidden=\"true\">\n\t\t\t\t\t\t\t\t\t\t\t\t\t\t\t<span class=\"elementor-accordion-icon-closed\"><svg class=\"e-font-icon-svg e-fas-plus\" viewBox=\"0 0 448 512\" xmlns=\"http:\/\/www.w3.org\/2000\/svg\"><path d=\"M416 208H272V64c0-17.67-14.33-32-32-32h-32c-17.67 0-32 14.33-32 32v144H32c-17.67 0-32 14.33-32 32v32c0 17.67 14.33 32 32 32h144v144c0 17.67 14.33 32 32 32h32c17.67 0 32-14.33 32-32V304h144c17.67 0 32-14.33 32-32v-32c0-17.67-14.33-32-32-32z\"><\/path><\/svg><\/span>\n\t\t\t\t\t\t\t\t<span class=\"elementor-accordion-icon-opened\"><svg class=\"e-font-icon-svg e-fas-minus\" viewBox=\"0 0 448 512\" xmlns=\"http:\/\/www.w3.org\/2000\/svg\"><path d=\"M416 208H32c-17.67 0-32 14.33-32 32v32c0 17.67 14.33 32 32 32h384c17.67 0 32-14.33 32-32v-32c0-17.67-14.33-32-32-32z\"><\/path><\/svg><\/span>\n\t\t\t\t\t\t\t\t\t\t\t\t\t\t<\/span>\n\t\t\t\t\t\t\t\t\t\t\t\t<a class=\"elementor-accordion-title\" tabindex=\"0\">REGISTRO DE T\u00cdTULO DEFINITIVO (LOTE RURAL)<\/a>\n\t\t\t\t\t<\/div>\n\t\t\t\t\t<div id=\"elementor-tab-content-1938\" class=\"elementor-tab-content elementor-clearfix\" data-tab=\"8\" role=\"region\" aria-labelledby=\"elementor-tab-title-1938\"><ul>\n<li>T\u00edtulo definitivo original;<\/li>\n<li>ITBI (Prefeitura) ou ITCD (Sefaz);<\/li>\n<li>Certid\u00e3o negativa de d\u00e9bitos do im\u00f3vel rural (Receita Federal);<\/li>\n<li>Certificado de cadastro de im\u00f3vel rural (Receita Federal);<\/li>\n<li>Planta e memorial descritivo;<\/li>\n<li>Anota\u00e7\u00e3o de responsabilidade t\u00e9cnica \u2013 ART;<\/li>\n<li>Fotoc\u00f3pia do RG, CPF e certid\u00e3o de casamento, se for o caso.<\/li>\n<\/ul>\n<p><span class=\"Tipodeletrapredefinidodopargrafo\">\u00a0<\/span><\/p>\n<p>\u00a0<\/p><\/div>\n\t\t\t\t<\/div>\n\t\t\t\t\t\t\t<div class=\"elementor-accordion-item\">\n\t\t\t\t\t<div id=\"elementor-tab-title-1939\" class=\"elementor-tab-title\" data-tab=\"9\" role=\"button\" aria-controls=\"elementor-tab-content-1939\" aria-expanded=\"false\">\n\t\t\t\t\t\t\t\t\t\t\t\t\t<span class=\"elementor-accordion-icon elementor-accordion-icon-left\" aria-hidden=\"true\">\n\t\t\t\t\t\t\t\t\t\t\t\t\t\t\t<span class=\"elementor-accordion-icon-closed\"><svg class=\"e-font-icon-svg e-fas-plus\" viewBox=\"0 0 448 512\" xmlns=\"http:\/\/www.w3.org\/2000\/svg\"><path d=\"M416 208H272V64c0-17.67-14.33-32-32-32h-32c-17.67 0-32 14.33-32 32v144H32c-17.67 0-32 14.33-32 32v32c0 17.67 14.33 32 32 32h144v144c0 17.67 14.33 32 32 32h32c17.67 0 32-14.33 32-32V304h144c17.67 0 32-14.33 32-32v-32c0-17.67-14.33-32-32-32z\"><\/path><\/svg><\/span>\n\t\t\t\t\t\t\t\t<span class=\"elementor-accordion-icon-opened\"><svg class=\"e-font-icon-svg e-fas-minus\" viewBox=\"0 0 448 512\" xmlns=\"http:\/\/www.w3.org\/2000\/svg\"><path d=\"M416 208H32c-17.67 0-32 14.33-32 32v32c0 17.67 14.33 32 32 32h384c17.67 0 32-14.33 32-32v-32c0-17.67-14.33-32-32-32z\"><\/path><\/svg><\/span>\n\t\t\t\t\t\t\t\t\t\t\t\t\t\t<\/span>\n\t\t\t\t\t\t\t\t\t\t\t\t<a class=\"elementor-accordion-title\" tabindex=\"0\">REGISTRO DE T\u00cdTULO DEFINITIVO (LOTE URBANO)<\/a>\n\t\t\t\t\t<\/div>\n\t\t\t\t\t<div id=\"elementor-tab-content-1939\" class=\"elementor-tab-content elementor-clearfix\" data-tab=\"9\" role=\"region\" aria-labelledby=\"elementor-tab-title-1939\"><ul>\n<li>T\u00edtulo definitivo original;<\/li>\n<li>ITBI (Prefeitura) ou ITCD (Sefaz);<\/li>\n<li>Certid\u00e3o negativa de d\u00e9bitos municipais, se for o caso (Prefeitura);<\/li>\n<li>Fotoc\u00f3pia do RG, CPF e certid\u00e3o de casamento, se for o caso.<\/li>\n<li>\u00a0<\/li>\n<\/ul>\n<p><span class=\"Tipodeletrapredefinidodopargrafo\">\u00a0<\/span><\/p>\n<p>\u00a0<\/p><\/div>\n\t\t\t\t<\/div>\n\t\t\t\t\t\t\t\t<\/div>\n\t\t\t\t\t\t<\/div>\n\t\t\t\t<\/div>\n\t\t\t\t\t<\/div>\n\t\t\t\t<\/div>\n\t\t\t\t<\/div>\n\t\t","protected":false},"excerpt":{"rendered":"<p>Averba\u00e7\u00e3o de Cancelamento de \u00f4nus Requerimento contendo a qualifica\u00e7\u00e3o completa do(s) propriet\u00e1rio(s), identifica\u00e7\u00e3o do im\u00f3vel, assinado e com firma reconhecida no Tabelionato de Notas ou digitalmente (conforme art. 2\u00ba, Provimento n\u00ba 100, CNJ); Termo de quita\u00e7\u00e3o original, emitido pelo credor. \u00a0 \u00a0 Averba\u00e7\u00e3o &#8211; Cancelamento de \u00d4nus Averba\u00e7\u00e3o de Casamento Requerimento contendo a qualifica\u00e7\u00e3o completa do(s) propriet\u00e1rio(s), identifica\u00e7\u00e3o do im\u00f3vel, assinado e com firma reconhecida no Tabelionato de Notas ou digitalmente (conforme art. 2\u00ba, Provimento n\u00ba 100, CNJ); Fotoc\u00f3pia autenticada da certid\u00e3o de casamento; Escritura p\u00fablica original de pacto antenupcial, se for o caso. &nbsp; Averba\u00e7\u00e3o &#8211; Casamento Averba\u00e7\u00e3o &#8211; Casamento Pacto Antenupcial Averba\u00e7\u00e3o de Constru\u00e7\u00e3o e Numera\u00e7\u00e3o Predial Requerimento contendo a qualifica\u00e7\u00e3o completa do(s) propriet\u00e1rio(s), matr\u00edcula e descri\u00e7\u00e3o da edifica\u00e7\u00e3o a ser averbada, assinado e com firma reconhecida no Tabelionato de Notas ou digitalmente (conforme art. 2\u00ba, Provimento n\u00ba 100, CNJ); Habite-se (Prefeitura); Alvar\u00e1 (Prefeitura); Certid\u00e3o conjunta negativa do INSS (Receita Federal). &nbsp; AVERBA\u00c7\u00c3O DE CONSTRU\u00c7\u00c3O E NUMERA\u00c7\u00c3O PREDIAL AVERBA\u00c7\u00c3O &#8211; CONSTRU\u00c7\u00c3O E NUMERA\u00c7\u00c3O PREDIAL AT\u00c9 70m\u00b2 Averba\u00e7\u00e3o de Georrefereciamento Requerimento contendo a qualifica\u00e7\u00e3o completa do(s) propriet\u00e1rio(s), identifica\u00e7\u00e3o do im\u00f3vel, assinado e com firma reconhecida no Tabelionato de Notas ou digitalmente (conforme art. 2\u00ba, Provimento n\u00ba 100, CNJ); Planta homologada pelo Sistema de Gest\u00e3o Fundi\u00e1ria \u2013 SIGEF; Memoria Descritivo homologado pelo Sistema de Gest\u00e3o Fundi\u00e1ria \u2013 SIGEF; Documento de responsabilidade t\u00e9cnica. \u00a0 Averba\u00e7\u00e3o de Georrefereciamento \u00a0 REGISTRO DE ESCRITURA P\u00daBLICA Escritura p\u00fablica original. \u00a0 REGISTRO DE INSTRUMENTO PARTICULAR DE COMPRA E VENDA (LOTE RURAL) 2 vias do instrumento particular original, com as assinaturas reconhecidas no Tabelionato de Notas ou digitalmente (conforme art. 2\u00ba, Provimento n\u00ba 100, CNJ); ITBI (Prefeitura); Certid\u00e3o negativa de d\u00e9bitos do im\u00f3vel rural (Receita Federal); Certificado de cadastro do im\u00f3vel rural (Receita Federal); Fotoc\u00f3pia do RG, CPF e certid\u00e3o de casamento, se for o caso. \u00a0 \u00a0 REGISTRO DE INSTRUMENTO PARTICULAR DE COMPRA E VENDA (LOTE URBANO) 2 vias do instrumento particular original com as assinaturas reconhecidas no Tabelionato de Notas ou digitalmente (conforme art. 2\u00ba, Provimento n\u00ba 100, CNJ); ITBI (Prefeitura); Fotoc\u00f3pia do RG, CPF e certid\u00e3o de casamento, se for o caso. \u00a0 \u00a0 REGISTRO DE T\u00cdTULO DEFINITIVO (LOTE RURAL) T\u00edtulo definitivo original; ITBI (Prefeitura) ou ITCD (Sefaz); Certid\u00e3o negativa de d\u00e9bitos do im\u00f3vel rural (Receita Federal); Certificado de cadastro de im\u00f3vel rural (Receita Federal); Planta e memorial descritivo; Anota\u00e7\u00e3o de responsabilidade t\u00e9cnica \u2013 ART; Fotoc\u00f3pia do RG, CPF e certid\u00e3o de casamento, se for o caso. \u00a0 \u00a0 REGISTRO DE T\u00cdTULO DEFINITIVO (LOTE URBANO) T\u00edtulo definitivo original; ITBI (Prefeitura) ou ITCD (Sefaz); Certid\u00e3o negativa de d\u00e9bitos municipais, se for o caso (Prefeitura); Fotoc\u00f3pia do RG, CPF e certid\u00e3o de casamento, se for o caso. \u00a0 \u00a0 \u00a0<\/p>\n","protected":false},"author":2,"featured_media":0,"parent":0,"menu_order":0,"comment_status":"closed","ping_status":"closed","template":"","meta":{"footnotes":""},"class_list":["post-275","page","type-page","status-publish","hentry"],"_links":{"self":[{"href":"https:\/\/1riboavista.com.br\/new\/wp-json\/wp\/v2\/pages\/275","targetHints":{"allow":["GET"]}}],"collection":[{"href":"https:\/\/1riboavista.com.br\/new\/wp-json\/wp\/v2\/pages"}],"about":[{"href":"https:\/\/1riboavista.com.br\/new\/wp-json\/wp\/v2\/types\/page"}],"author":[{"embeddable":true,"href":"https:\/\/1riboavista.com.br\/new\/wp-json\/wp\/v2\/users\/2"}],"replies":[{"embeddable":true,"href":"https:\/\/1riboavista.com.br\/new\/wp-json\/wp\/v2\/comments?post=275"}],"version-history":[{"count":29,"href":"https:\/\/1riboavista.com.br\/new\/wp-json\/wp\/v2\/pages\/275\/revisions"}],"predecessor-version":[{"id":637,"href":"https:\/\/1riboavista.com.br\/new\/wp-json\/wp\/v2\/pages\/275\/revisions\/637"}],"wp:attachment":[{"href":"https:\/\/1riboavista.com.br\/new\/wp-json\/wp\/v2\/media?parent=275"}],"curies":[{"name":"wp","href":"https:\/\/api.w.org\/{rel}","templated":true}]}}