{"id":515,"date":"2023-05-03T00:03:53","date_gmt":"2023-05-03T00:03:53","guid":{"rendered":"https:\/\/1riboavista.com.br\/new\/?page_id=515"},"modified":"2023-05-03T18:17:59","modified_gmt":"2023-05-03T18:17:59","slug":"busca-de-bens","status":"publish","type":"page","link":"https:\/\/1riboavista.com.br\/new\/busca-de-bens\/","title":{"rendered":"Busca de Bens"},"content":{"rendered":"\t\t<div data-elementor-type=\"wp-page\" data-elementor-id=\"515\" class=\"elementor elementor-515\">\n\t\t\t\t<div class=\"elementor-element elementor-element-174fc5f e-con-full e-flex wpr-particle-no wpr-jarallax-no wpr-parallax-no wpr-sticky-section-no e-con e-parent\" data-id=\"174fc5f\" data-element_type=\"container\">\n\t\t\t\t<div class=\"elementor-element elementor-element-751cc74 elementor-widget elementor-widget-text-editor\" data-id=\"751cc74\" data-element_type=\"widget\" data-widget_type=\"text-editor.default\">\n\t\t\t\t<div class=\"elementor-widget-container\">\n\t\t\t\t\t\t\t\t\t<p>* Servi\u00e7o Informativo, sem emiss\u00e3o de documento f\u00edsico<\/p>\t\t\t\t\t\t\t\t<\/div>\n\t\t\t\t<\/div>\n\t\t\t\t<div class=\"elementor-element elementor-element-22abe8a elementor-widget elementor-widget-text-editor\" data-id=\"22abe8a\" data-element_type=\"widget\" data-widget_type=\"text-editor.default\">\n\t\t\t\t<div class=\"elementor-widget-container\">\n\t\t\t\t\t\t\t\t\t<ul><li>Nome completo e CPF\/CNPJ do propriet\u00e1rio, ou;<\/li><li>N\u00famero da Matr\u00edcula do im\u00f3vel, ou;<\/li><li>Lote, quadra e bairro, ou;<\/li><li>Extrato de movimenta\u00e7\u00e3o expedido pela Prefeitura ou certid\u00e3o negativa de IPTU ou certid\u00e3o de cadastro, ou;<\/li><li>Croqui de localiza\u00e7\u00e3o com a indica\u00e7\u00e3o das 4 ruas que fazem limites com a quadra.<\/li><\/ul>\t\t\t\t\t\t\t\t<\/div>\n\t\t\t\t<\/div>\n\t\t\t\t<\/div>\n\t\t\t\t<\/div>\n\t\t","protected":false},"excerpt":{"rendered":"<p>* Servi\u00e7o Informativo, sem emiss\u00e3o de documento f\u00edsico Nome completo e CPF\/CNPJ do propriet\u00e1rio, ou; N\u00famero da Matr\u00edcula do im\u00f3vel, ou; Lote, quadra e bairro, ou; Extrato de movimenta\u00e7\u00e3o expedido pela Prefeitura ou certid\u00e3o negativa de IPTU ou certid\u00e3o de cadastro, ou; Croqui de localiza\u00e7\u00e3o com a indica\u00e7\u00e3o das 4 ruas que fazem limites com a quadra.<\/p>\n","protected":false},"author":1,"featured_media":0,"parent":0,"menu_order":0,"comment_status":"closed","ping_status":"closed","template":"","meta":{"footnotes":""},"class_list":["post-515","page","type-page","status-publish","hentry"],"_links":{"self":[{"href":"https:\/\/1riboavista.com.br\/new\/wp-json\/wp\/v2\/pages\/515","targetHints":{"allow":["GET"]}}],"collection":[{"href":"https:\/\/1riboavista.com.br\/new\/wp-json\/wp\/v2\/pages"}],"about":[{"href":"https:\/\/1riboavista.com.br\/new\/wp-json\/wp\/v2\/types\/page"}],"author":[{"embeddable":true,"href":"https:\/\/1riboavista.com.br\/new\/wp-json\/wp\/v2\/users\/1"}],"replies":[{"embeddable":true,"href":"https:\/\/1riboavista.com.br\/new\/wp-json\/wp\/v2\/comments?post=515"}],"version-history":[{"count":7,"href":"https:\/\/1riboavista.com.br\/new\/wp-json\/wp\/v2\/pages\/515\/revisions"}],"predecessor-version":[{"id":624,"href":"https:\/\/1riboavista.com.br\/new\/wp-json\/wp\/v2\/pages\/515\/revisions\/624"}],"wp:attachment":[{"href":"https:\/\/1riboavista.com.br\/new\/wp-json\/wp\/v2\/media?parent=515"}],"curies":[{"name":"wp","href":"https:\/\/api.w.org\/{rel}","templated":true}]}}