{"id":607,"date":"2023-05-03T17:16:23","date_gmt":"2023-05-03T17:16:23","guid":{"rendered":"https:\/\/1riboavista.com.br\/new\/?page_id=607"},"modified":"2024-02-28T11:00:58","modified_gmt":"2024-02-28T15:00:58","slug":"lei-geral-de-protecao-de-dados-lgpd","status":"publish","type":"page","link":"https:\/\/1riboavista.com.br\/new\/lei-geral-de-protecao-de-dados-lgpd\/","title":{"rendered":"Lei Geral de Prote\u00e7\u00e3o de Dados \u2013 LGPD"},"content":{"rendered":"\t\t<div data-elementor-type=\"wp-page\" data-elementor-id=\"607\" class=\"elementor elementor-607\">\n\t\t\t\t\t\t<section class=\"elementor-section elementor-top-section elementor-element elementor-element-3a234680 elementor-section-boxed elementor-section-height-default elementor-section-height-default wpr-particle-no wpr-jarallax-no wpr-parallax-no wpr-sticky-section-no\" data-id=\"3a234680\" data-element_type=\"section\">\n\t\t\t\t\t\t<div class=\"elementor-container elementor-column-gap-default\">\n\t\t\t\t\t<div class=\"elementor-column elementor-col-100 elementor-top-column elementor-element elementor-element-da9850f\" data-id=\"da9850f\" data-element_type=\"column\">\n\t\t\t<div class=\"elementor-widget-wrap elementor-element-populated\">\n\t\t\t\t\t\t<div class=\"elementor-element elementor-element-35eab248 elementor-widget elementor-widget-text-editor\" data-id=\"35eab248\" data-element_type=\"widget\" data-widget_type=\"text-editor.default\">\n\t\t\t\t<div class=\"elementor-widget-container\">\n\t\t\t\t\t\t\t\t\t\n<div class=\"wp-block-contact-form-7-contact-form-selector\">\n<div class=\"wpcf7 no-js\" id=\"wpcf7-f593-o1\" lang=\"pt-PT\" dir=\"ltr\" data-wpcf7-id=\"593\">\n<div class=\"screen-reader-response\"><p role=\"status\" aria-live=\"polite\" aria-atomic=\"true\"><\/p> <ul><\/ul><\/div>\n<form action=\"\/new\/wp-json\/wp\/v2\/pages\/607#wpcf7-f593-o1\" method=\"post\" class=\"wpcf7-form init\" aria-label=\"Formul\u00e1rio de contacto\" enctype=\"multipart\/form-data\" novalidate=\"novalidate\" data-status=\"init\">\n<div style=\"display: none;\">\n<input type=\"hidden\" name=\"_wpcf7\" value=\"593\" \/>\n<input type=\"hidden\" name=\"_wpcf7_version\" value=\"6.0.6\" \/>\n<input type=\"hidden\" name=\"_wpcf7_locale\" value=\"pt_PT\" \/>\n<input type=\"hidden\" name=\"_wpcf7_unit_tag\" value=\"wpcf7-f593-o1\" \/>\n<input type=\"hidden\" name=\"_wpcf7_container_post\" value=\"0\" \/>\n<input type=\"hidden\" name=\"_wpcf7_posted_data_hash\" value=\"\" \/>\n<input type=\"hidden\" name=\"_wpcf7_recaptcha_response\" value=\"\" \/>\n<\/div>\n<p><link rel=\"stylesheet\" href=\"https:\/\/cdn.jsdelivr.net\/npm\/bootstrap@4.0.0\/dist\/css\/bootstrap.min.css\" integrity=\"sha384-Gn5384xqQ1aoWXA+058RXPxPg6fy4IWvTNh0E263XmFcJlSAwiGgFAW\/dAiS6JXm\" crossorigin=\"anonymous\" \/>\n<\/p>\n<div class=\"card\">\n\t<div class=\"card-header text-center\">\n\t\t<p>Para mais informa\u00e7\u00f5es confira nossa <a target=\"_blank\" href=\"https:\/\/1riboavista.com.br\/new\/wp-content\/uploads\/2023\/05\/politica_privacidade.pdf\">Pol\u00edtica de Privacidade.<\/a>\n\t\t<\/p>\n\t<\/div>\n<\/div>\n<div class=\"h5 text-center mb-3 mt-3\">\n\t<p><label>FORMUL\u00c1RIO PARA EXERC\u00cdCIO DOS DIREITOS DO TITULAR DE DADOS PESSOAIS<\/label>\n\t<\/p>\n<\/div>\n<div class=\"card\">\n\t<div class=\"card-header\">\n\t\t<p>1. Dados de Identifica\u00e7\u00e3o\n\t\t<\/p>\n\t<\/div>\n\t<div class=\"card-body\">\n\t\t<p><label> Nome Completo <span class=\"wpcf7-form-control-wrap\" data-name=\"your-name\"><input size=\"40\" maxlength=\"400\" class=\"wpcf7-form-control wpcf7-text wpcf7-validates-as-required\" autocomplete=\"name\" aria-required=\"true\" aria-invalid=\"false\" value=\"\" type=\"text\" name=\"your-name\" \/><\/span> <\/label>\n\t\t<\/p>\n\t\t<div class=\"row\">\n\t\t\t<div class=\"col-md-4\">\n\t\t\t\t<p><label> CPF <span class=\"wpcf7-form-control-wrap\" data-name=\"cpf\"><input size=\"40\" maxlength=\"400\" class=\"wpcf7-form-control wpcf7-text wpcf7-validates-as-required\" aria-required=\"true\" aria-invalid=\"false\" value=\"\" type=\"text\" name=\"cpf\" \/><\/span> <\/label>\n\t\t\t\t<\/p>\n\t\t\t<\/div>\n\t\t\t<div class=\"col-md-4\">\n\t\t\t\t<p><label> Data de Nascimento <span class=\"wpcf7-form-control-wrap\" data-name=\"data-nascimento\"><input class=\"wpcf7-form-control wpcf7-date wpcf7-validates-as-required wpcf7-validates-as-date\" id=\"data-nascimento\" aria-required=\"true\" aria-invalid=\"false\" value=\"\" type=\"date\" name=\"data-nascimento\" \/><\/span> <\/label>\n\t\t\t\t<\/p>\n\t\t\t<\/div>\n\t\t\t<div class=\"col-md-4\">\n\t\t\t\t<p><label> E-mail <span class=\"wpcf7-form-control-wrap\" data-name=\"email\"><input size=\"40\" maxlength=\"400\" class=\"wpcf7-form-control wpcf7-email wpcf7-validates-as-required wpcf7-text wpcf7-validates-as-email\" id=\"email\" aria-required=\"true\" aria-invalid=\"false\" value=\"\" type=\"email\" name=\"email\" \/><\/span> <\/label>\n\t\t\t\t<\/p>\n\t\t\t<\/div>\n\t\t<\/div>\n\t\t<p><label> Relacionamento com o titular dos dados <span class=\"wpcf7-form-control-wrap\" data-name=\"relacionamento\"><input size=\"40\" maxlength=\"400\" class=\"wpcf7-form-control wpcf7-text\" id=\"relacionamento\" aria-invalid=\"false\" value=\"\" type=\"text\" name=\"relacionamento\" \/><\/span> <\/label><br \/>\n<label> Anexe documento de identifica\u00e7\u00e3o <\/label><br \/>\n<span class=\"wpcf7-form-control-wrap\" data-name=\"file-295\"><input size=\"40\" class=\"wpcf7-form-control wpcf7-file wpcf7-validates-as-required\" id=\"anexo\" accept=\".pdf,.png,.jpg\" aria-required=\"true\" aria-invalid=\"false\" type=\"file\" name=\"file-295\" \/><\/span><br \/>\n<label> Somente arquivos .pdf, .png ou jpg. M\u00e1ximo de tamanho: 5MB <\/label>\n\t\t<\/p>\n\t<\/div>\n<\/div>\n<div class=\"card\">\n\t<div class=\"card-header\">\n\t\t<p>2. Caracteriza\u00e7\u00e3o do Pedido\n\t\t<\/p>\n\t<\/div>\n\t<div class=\"card-body\">\n\t\t<p><span class=\"wpcf7-form-control-wrap\" data-name=\"checkbox-1\"><span class=\"wpcf7-form-control wpcf7-checkbox\"><span class=\"wpcf7-list-item first last\"><label><input type=\"checkbox\" name=\"checkbox-1[]\" value=\"Direito a confirma\u00e7\u00e3o da exist\u00eancia de tratamento.\" \/><span class=\"wpcf7-list-item-label\">Direito a confirma\u00e7\u00e3o da exist\u00eancia de tratamento.<\/span><\/label><\/span><\/span><\/span><br \/>\n<span class=\"wpcf7-form-control-wrap\" data-name=\"checkbox-2\"><span class=\"wpcf7-form-control wpcf7-checkbox\"><span class=\"wpcf7-list-item first last\"><label><input type=\"checkbox\" name=\"checkbox-2[]\" value=\"Direito de acesso.\" \/><span class=\"wpcf7-list-item-label\">Direito de acesso.<\/span><\/label><\/span><\/span><\/span><br \/>\n<span class=\"wpcf7-form-control-wrap\" data-name=\"checkbox-3\"><span class=\"wpcf7-form-control wpcf7-checkbox\"><span class=\"wpcf7-list-item first last\"><label><input type=\"checkbox\" name=\"checkbox-3[]\" value=\"Direito de corre\u00e7\u00e3o de dados incompletos, inexatos ou desatualizados.\" \/><span class=\"wpcf7-list-item-label\">Direito de corre\u00e7\u00e3o de dados incompletos, inexatos ou desatualizados.<\/span><\/label><\/span><\/span><\/span><br \/>\n<span class=\"wpcf7-form-control-wrap\" data-name=\"checkbox-4\"><span class=\"wpcf7-form-control wpcf7-checkbox mb-10\"><span class=\"wpcf7-list-item first last\"><label><input type=\"checkbox\" name=\"checkbox-4[]\" value=\"Direito a anonimiza\u00e7\u00e3o, ao bloqueio ou a elimina\u00e7\u00e3o de dados desnecess\u00e1rios, excessivos ou tratados em desconformidade com a LGPD (indicar abaixo).\" \/><span class=\"wpcf7-list-item-label\">Direito a anonimiza\u00e7\u00e3o, ao bloqueio ou a elimina\u00e7\u00e3o de dados desnecess\u00e1rios, excessivos ou tratados em desconformidade com a LGPD (indicar abaixo).<\/span><\/label><\/span><\/span><\/span><br \/>\n<span class=\"wpcf7-form-control-wrap\" data-name=\"checkbox-5\"><span class=\"wpcf7-form-control wpcf7-checkbox\"><span class=\"wpcf7-list-item first last\"><label><input type=\"checkbox\" name=\"checkbox-5[]\" value=\"Direito a portabilidade (indicar abaixo a forma e o destinat\u00e1rio da transfer\u00eancia).\" \/><span class=\"wpcf7-list-item-label\">Direito a portabilidade (indicar abaixo a forma e o destinat\u00e1rio da transfer\u00eancia).<\/span><\/label><\/span><\/span><\/span><br \/>\n<span class=\"wpcf7-form-control-wrap\" data-name=\"checkbox-6\"><span class=\"wpcf7-form-control wpcf7-checkbox\"><span class=\"wpcf7-list-item first last\"><label><input type=\"checkbox\" name=\"checkbox-6[]\" value=\"Direito a informa\u00e7\u00e3o sobre possibilidade de oposi\u00e7\u00e3o ao consentimento e consequ\u00eancias.\" \/><span class=\"wpcf7-list-item-label\">Direito a informa\u00e7\u00e3o sobre possibilidade de oposi\u00e7\u00e3o ao consentimento e consequ\u00eancias.<\/span><\/label><\/span><\/span><\/span><br \/>\n<span class=\"wpcf7-form-control-wrap\" data-name=\"checkbox-7\"><span class=\"wpcf7-form-control wpcf7-checkbox\"><span class=\"wpcf7-list-item first last\"><label><input type=\"checkbox\" name=\"checkbox-7[]\" value=\"Direito de oposi\u00e7\u00e3o \u2013 indicar o(s) tratamento(s) a que op\u00f5e.\" \/><span class=\"wpcf7-list-item-label\">Direito de oposi\u00e7\u00e3o \u2013 indicar o(s) tratamento(s) a que op\u00f5e.<\/span><\/label><\/span><\/span><\/span><br \/>\n<span class=\"wpcf7-form-control-wrap\" data-name=\"checkbox-8\"><span class=\"wpcf7-form-control wpcf7-checkbox\"><span class=\"wpcf7-list-item first last\"><label><input type=\"checkbox\" name=\"checkbox-8[]\" value=\"Direito a revoga\u00e7\u00e3o do consentimento dado para tratar seus dados pessoais.\" \/><span class=\"wpcf7-list-item-label\">Direito a revoga\u00e7\u00e3o do consentimento dado para tratar seus dados pessoais.<\/span><\/label><\/span><\/span><\/span><br \/>\n<span class=\"wpcf7-form-control-wrap\" data-name=\"checkbox-9\"><span class=\"wpcf7-form-control wpcf7-checkbox\"><span class=\"wpcf7-list-item first last\"><label><input type=\"checkbox\" name=\"checkbox-9[]\" value=\"Direito a informa\u00e7\u00e3o das entidades com as quais compartilhamos seus dados pessoais.\" \/><span class=\"wpcf7-list-item-label\">Direito a informa\u00e7\u00e3o das entidades com as quais compartilhamos seus dados pessoais.<\/span><\/label><\/span><\/span><\/span><br \/>\n<span class=\"wpcf7-form-control-wrap\" data-name=\"checkbox-10\"><span class=\"wpcf7-form-control wpcf7-checkbox\"><span class=\"wpcf7-list-item first last\"><label><input type=\"checkbox\" name=\"checkbox-10[]\" value=\"Direito a revis\u00e3o de decis\u00e3o automatizada (indicar abaixo qual decis\u00e3o).\" \/><span class=\"wpcf7-list-item-label\">Direito a revis\u00e3o de decis\u00e3o automatizada (indicar abaixo qual decis\u00e3o).<\/span><\/label><\/span><\/span><\/span><br \/>\n<span class=\"wpcf7-form-control-wrap\" data-name=\"checkbox-11\"><span class=\"wpcf7-form-control wpcf7-checkbox\"><span class=\"wpcf7-list-item first last\"><label><input type=\"checkbox\" name=\"checkbox-11[]\" value=\"Direito a elimina\u00e7\u00e3o dos dados tratados com seu consentimento.\" \/><span class=\"wpcf7-list-item-label\">Direito a elimina\u00e7\u00e3o dos dados tratados com seu consentimento.<\/span><\/label><\/span><\/span><\/span><br \/>\nMensagem <span class=\"wpcf7-form-control-wrap\" data-name=\"mensagem\"><textarea cols=\"40\" rows=\"10\" maxlength=\"2000\" class=\"wpcf7-form-control wpcf7-textarea\" aria-invalid=\"false\" name=\"mensagem\"><\/textarea><\/span>\n\t\t<\/p>\n\t<\/div>\n<\/div>\n<p><input class=\"wpcf7-form-control wpcf7-submit has-spinner\" type=\"submit\" value=\"Submeter\" \/>\n<\/p><div class=\"wpcf7-response-output\" aria-hidden=\"true\"><\/div>\n<\/form>\n<\/div>\n<\/div>\n\t\t\t\t\t\t\t\t<\/div>\n\t\t\t\t<\/div>\n\t\t\t\t\t<\/div>\n\t\t<\/div>\n\t\t\t\t\t<\/div>\n\t\t<\/section>\n\t\t\t\t<\/div>\n\t\t","protected":false},"excerpt":{"rendered":"","protected":false},"author":2,"featured_media":0,"parent":0,"menu_order":0,"comment_status":"closed","ping_status":"closed","template":"","meta":{"footnotes":""},"class_list":["post-607","page","type-page","status-publish","hentry"],"_links":{"self":[{"href":"https:\/\/1riboavista.com.br\/new\/wp-json\/wp\/v2\/pages\/607","targetHints":{"allow":["GET"]}}],"collection":[{"href":"https:\/\/1riboavista.com.br\/new\/wp-json\/wp\/v2\/pages"}],"about":[{"href":"https:\/\/1riboavista.com.br\/new\/wp-json\/wp\/v2\/types\/page"}],"author":[{"embeddable":true,"href":"https:\/\/1riboavista.com.br\/new\/wp-json\/wp\/v2\/users\/2"}],"replies":[{"embeddable":true,"href":"https:\/\/1riboavista.com.br\/new\/wp-json\/wp\/v2\/comments?post=607"}],"version-history":[{"count":10,"href":"https:\/\/1riboavista.com.br\/new\/wp-json\/wp\/v2\/pages\/607\/revisions"}],"predecessor-version":[{"id":1284,"href":"https:\/\/1riboavista.com.br\/new\/wp-json\/wp\/v2\/pages\/607\/revisions\/1284"}],"wp:attachment":[{"href":"https:\/\/1riboavista.com.br\/new\/wp-json\/wp\/v2\/media?parent=607"}],"curies":[{"name":"wp","href":"https:\/\/api.w.org\/{rel}","templated":true}]}}