{"id":726,"date":"2023-05-16T00:26:20","date_gmt":"2023-05-16T00:26:20","guid":{"rendered":"https:\/\/1riboavista.com.br\/new\/?page_id=726"},"modified":"2023-05-16T01:06:15","modified_gmt":"2023-05-16T01:06:15","slug":"noticias","status":"publish","type":"page","link":"https:\/\/1riboavista.com.br\/new\/noticias\/","title":{"rendered":"Not\u00edcias"},"content":{"rendered":"\t\t<div data-elementor-type=\"wp-page\" data-elementor-id=\"726\" class=\"elementor elementor-726\">\n\t\t\t\t<div class=\"elementor-element elementor-element-b664c15 e-flex e-con-boxed wpr-particle-no wpr-jarallax-no wpr-parallax-no wpr-sticky-section-no e-con e-parent\" data-id=\"b664c15\" data-element_type=\"container\">\n\t\t\t\t\t<div class=\"e-con-inner\">\n\t\t\t\t<div class=\"elementor-element elementor-element-df9cd0b elementor-grid-2 elementor-grid-tablet-2 elementor-grid-mobile-1 elementor-widget elementor-widget-loop-grid\" data-id=\"df9cd0b\" data-element_type=\"widget\" data-settings=\"{&quot;template_id&quot;:&quot;743&quot;,&quot;columns&quot;:2,&quot;pagination_type&quot;:&quot;load_more_on_click&quot;,&quot;load_more_spinner&quot;:{&quot;value&quot;:&quot;fas fa-sync&quot;,&quot;library&quot;:&quot;fa-solid&quot;},&quot;_skin&quot;:&quot;post&quot;,&quot;columns_tablet&quot;:&quot;2&quot;,&quot;columns_mobile&quot;:&quot;1&quot;,&quot;edit_handle_selector&quot;:&quot;[data-elementor-type=\\&quot;loop-item\\&quot;]&quot;,&quot;row_gap&quot;:{&quot;unit&quot;:&quot;px&quot;,&quot;size&quot;:&quot;&quot;,&quot;sizes&quot;:[]},&quot;row_gap_tablet&quot;:{&quot;unit&quot;:&quot;px&quot;,&quot;size&quot;:&quot;&quot;,&quot;sizes&quot;:[]},&quot;row_gap_mobile&quot;:{&quot;unit&quot;:&quot;px&quot;,&quot;size&quot;:&quot;&quot;,&quot;sizes&quot;:[]}}\" data-widget_type=\"loop-grid.post\">\n\t\t\t\t<div class=\"elementor-widget-container\">\n\t\t\t\t\t\t\t<div class=\"elementor-loop-container elementor-grid\">\n\t\t<style id=\"loop-743\">.elementor-743 .elementor-element.elementor-element-17575fe8{--display:flex;--flex-direction:column;--container-widget-width:100%;--container-widget-height:initial;--container-widget-flex-grow:0;--container-widget-align-self:initial;--flex-wrap-mobile:wrap;--gap:10px 10px;--row-gap:10px;--column-gap:10px;--border-radius:15px 15px 15px 15px;box-shadow:0px 4px 44px 0px rgba(0, 0, 0, 0.12);--padding-top:20px;--padding-bottom:55px;--padding-left:20px;--padding-right:20px;}.elementor-743 .elementor-element.elementor-element-17575fe8:hover{box-shadow:0px 2px 25px 0px rgba(0, 0, 0, 0.2);}.elementor-widget-theme-post-featured-image .widget-image-caption{color:var( --e-global-color-text );font-family:var( --e-global-typography-text-font-family ), Sans-serif;font-weight:var( --e-global-typography-text-font-weight );}.elementor-743 .elementor-element.elementor-element-7fe30325{width:100%;max-width:100%;}.elementor-743 .elementor-element.elementor-element-7fe30325 img{width:100%;height:260px;object-fit:cover;object-position:center center;filter:brightness( 100% ) contrast( 100% ) saturate( 100% ) blur( 0px ) hue-rotate( 0deg );transition-duration:0.3s;}.elementor-743 .elementor-element.elementor-element-7fe30325:hover img{filter:brightness( 105% ) contrast( 100% ) saturate( 105% ) blur( 0px ) hue-rotate( 0deg );}.elementor-743 .elementor-element.elementor-element-3b843677{--display:flex;--flex-direction:row;--container-widget-width:calc( ( 1 - var( --container-widget-flex-grow ) ) * 100% );--container-widget-height:100%;--container-widget-flex-grow:1;--container-widget-align-self:stretch;--flex-wrap-mobile:wrap;--align-items:center;--gap:14px 14px;--row-gap:14px;--column-gap:14px;--margin-top:15px;--margin-bottom:15px;--margin-left:0px;--margin-right:0px;--padding-top:0px;--padding-bottom:0px;--padding-left:0px;--padding-right:0px;}.elementor-widget-heading .elementor-heading-title{font-family:var( --e-global-typography-primary-font-family ), Sans-serif;font-weight:var( --e-global-typography-primary-font-weight );color:var( --e-global-color-primary );}.elementor-743 .elementor-element.elementor-element-1ae228d2 > .elementor-widget-container{background-color:#287BB5;margin:0px 0px 0px 0px;padding:3px 12px 2px 012px;border-radius:6px 6px 6px 6px;}.elementor-743 .elementor-element.elementor-element-1ae228d2 .elementor-heading-title{font-family:\"Inter\", Sans-serif;font-size:16px;font-weight:500;text-transform:uppercase;font-style:normal;text-decoration:none;line-height:1.7em;letter-spacing:-0.02em;word-spacing:0em;color:#181818;}.elementor-743 .elementor-element.elementor-element-4423dc9e > .elementor-widget-container{padding:6px 0px 6px 0px;}.elementor-743 .elementor-element.elementor-element-4423dc9e .elementor-heading-title{font-family:\"Questrial\", Sans-serif;font-size:18px;font-weight:600;text-transform:uppercase;font-style:normal;text-decoration:none;line-height:1.5em;letter-spacing:-0.01em;word-spacing:0em;color:var( --e-global-color-secondary );}.elementor-widget-theme-post-title .elementor-heading-title{font-family:var( --e-global-typography-primary-font-family ), Sans-serif;font-weight:var( --e-global-typography-primary-font-weight );color:var( --e-global-color-primary );}.elementor-743 .elementor-element.elementor-element-7b9e0936 .elementor-heading-title{font-family:\"DM Sans\", Sans-serif;font-size:24px;font-weight:500;text-transform:none;font-style:normal;text-decoration:none;line-height:1.2em;letter-spacing:-0.04em;word-spacing:0em;color:#181818;}.elementor-widget-theme-post-excerpt .elementor-widget-container{color:var( --e-global-color-text );font-family:var( --e-global-typography-text-font-family ), Sans-serif;font-weight:var( --e-global-typography-text-font-weight );}.elementor-743 .elementor-element.elementor-element-6eeca255 .elementor-widget-container{color:#383434;font-family:\"Inter\", Sans-serif;font-size:16px;font-weight:400;text-transform:none;font-style:normal;text-decoration:none;line-height:1.5em;letter-spacing:-0.01em;word-spacing:0em;}@media(max-width:1024px){.elementor-743 .elementor-element.elementor-element-7fe30325 img{height:200px;}.elementor-743 .elementor-element.elementor-element-3b843677{--justify-content:space-between;}.elementor-743 .elementor-element.elementor-element-1ae228d2 .elementor-heading-title{line-height:2.3em;}.elementor-743 .elementor-element.elementor-element-6eeca255 .elementor-widget-container{font-size:14px;}}@media(max-width:767px){.elementor-743 .elementor-element.elementor-element-7fe30325 img{height:168px;}.elementor-743 .elementor-element.elementor-element-3b843677{--justify-content:flex-start;}.elementor-743 .elementor-element.elementor-element-1ae228d2 > .elementor-widget-container{padding:1px 12px 1px 12px;}.elementor-743 .elementor-element.elementor-element-1ae228d2 .elementor-heading-title{font-size:15px;line-height:2.1em;}.elementor-743 .elementor-element.elementor-element-4423dc9e .elementor-heading-title{font-size:17px;}.elementor-743 .elementor-element.elementor-element-7b9e0936{text-align:left;}.elementor-743 .elementor-element.elementor-element-7b9e0936 .elementor-heading-title{font-size:27px;}.elementor-743 .elementor-element.elementor-element-6eeca255 .elementor-widget-container{text-align:left;font-size:13px;}}<\/style>\t\t<div data-elementor-type=\"loop-item\" data-elementor-id=\"743\" class=\"elementor elementor-743 e-loop-item e-loop-item-969 post-969 post type-post status-publish format-standard has-post-thumbnail hentry category-noticias\" data-custom-edit-handle=\"1\">\n\t\t\t\t\t<div class=\"elementor-section-wrap\">\n\t\t\t\t\t\t<a class=\"elementor-element elementor-element-17575fe8 e-con-full e-flex wpr-particle-no wpr-jarallax-no wpr-parallax-no wpr-sticky-section-no e-con e-parent\" data-id=\"17575fe8\" data-element_type=\"container\" href=\"https:\/\/1riboavista.com.br\/new\/solo-seguro-tjrr-promove-a-1a-conferencia-de-direito-notarial-e-registral-no-estado-de-roraima\/\">\n\t\t\t\t<div class=\"elementor-element elementor-element-7fe30325 elementor-widget__width-inherit elementor-widget elementor-widget-theme-post-featured-image elementor-widget-image\" data-id=\"7fe30325\" data-element_type=\"widget\" data-widget_type=\"theme-post-featured-image.default\">\n\t\t\t\t<div class=\"elementor-widget-container\">\n\t\t\t\t\t\t\t\t\t\t\t\t\t\t\t<img fetchpriority=\"high\" decoding=\"async\" width=\"1600\" height=\"1066\" src=\"https:\/\/1riboavista.com.br\/new\/wp-content\/uploads\/2023\/08\/21.08.2023-SOLO-SEGURO-3.jpg\" class=\"attachment-full size-full wp-image-970\" alt=\"\" srcset=\"https:\/\/1riboavista.com.br\/new\/wp-content\/uploads\/2023\/08\/21.08.2023-SOLO-SEGURO-3.jpg 1600w, https:\/\/1riboavista.com.br\/new\/wp-content\/uploads\/2023\/08\/21.08.2023-SOLO-SEGURO-3-300x200.jpg 300w, https:\/\/1riboavista.com.br\/new\/wp-content\/uploads\/2023\/08\/21.08.2023-SOLO-SEGURO-3-1024x682.jpg 1024w, https:\/\/1riboavista.com.br\/new\/wp-content\/uploads\/2023\/08\/21.08.2023-SOLO-SEGURO-3-768x512.jpg 768w, https:\/\/1riboavista.com.br\/new\/wp-content\/uploads\/2023\/08\/21.08.2023-SOLO-SEGURO-3-1536x1023.jpg 1536w\" sizes=\"(max-width: 1600px) 100vw, 1600px\" \/>\t\t\t\t\t\t\t\t\t\t\t\t\t\t\t<\/div>\n\t\t\t\t<\/div>\n\t\t<div class=\"elementor-element elementor-element-3b843677 e-con-full e-flex wpr-particle-no wpr-jarallax-no wpr-parallax-no wpr-sticky-section-no e-con e-parent\" data-id=\"3b843677\" data-element_type=\"container\">\n\t\t\t\t<div class=\"elementor-element elementor-element-1ae228d2 elementor-widget elementor-widget-heading\" data-id=\"1ae228d2\" data-element_type=\"widget\" data-widget_type=\"heading.default\">\n\t\t\t\t<div class=\"elementor-widget-container\">\n\t\t\t\t\t<p class=\"elementor-heading-title elementor-size-default\"><span>noticias<\/span><\/p>\t\t\t\t<\/div>\n\t\t\t\t<\/div>\n\t\t\t\t<div class=\"elementor-element elementor-element-4423dc9e elementor-widget elementor-widget-heading\" data-id=\"4423dc9e\" data-element_type=\"widget\" data-widget_type=\"heading.default\">\n\t\t\t\t<div class=\"elementor-widget-container\">\n\t\t\t\t\t<p class=\"elementor-heading-title elementor-size-default\">23 ago 2023<\/p>\t\t\t\t<\/div>\n\t\t\t\t<\/div>\n\t\t\t\t<\/div>\n\t\t\t\t<div class=\"elementor-element elementor-element-7b9e0936 elementor-widget elementor-widget-theme-post-title elementor-page-title elementor-widget-heading\" data-id=\"7b9e0936\" data-element_type=\"widget\" data-widget_type=\"theme-post-title.default\">\n\t\t\t\t<div class=\"elementor-widget-container\">\n\t\t\t\t\t<h4 class=\"elementor-heading-title elementor-size-default\">SOLO SEGURO &#8211; TJRR promove a 1\u00aa Confer\u00eancia de Direito Notarial e Registral, no estado de Roraima<\/h4>\t\t\t\t<\/div>\n\t\t\t\t<\/div>\n\t\t\t\t<div class=\"elementor-element elementor-element-6eeca255 elementor-widget elementor-widget-theme-post-excerpt\" data-id=\"6eeca255\" data-element_type=\"widget\" data-widget_type=\"theme-post-excerpt.default\">\n\t\t\t\t<div class=\"elementor-widget-container\">\n\t\t\t\t\tO Tribunal de Justi\u00e7a de Roraima (TJRR), por meio da Corregedoria-Geral de Justi\u00e7a, promoveu, entre os dias 17 e 18 de agosto, a 1\u00aa Confer\u00eancia de 2023 de Direito Notarial e Registral.\t\t\t\t<\/div>\n\t\t\t\t<\/div>\n\t\t\t\t<\/a>\n\t\t\t\t\t\t\t<\/div>\n\t\t\t\t<\/div>\n\t\t\t\t<div data-elementor-type=\"loop-item\" data-elementor-id=\"743\" class=\"elementor elementor-743 e-loop-item e-loop-item-933 post-933 post type-post status-publish format-standard has-post-thumbnail hentry category-noticias\" data-custom-edit-handle=\"1\">\n\t\t\t\t\t<div class=\"elementor-section-wrap\">\n\t\t\t\t\t\t<a class=\"elementor-element elementor-element-17575fe8 e-con-full e-flex wpr-particle-no wpr-jarallax-no wpr-parallax-no wpr-sticky-section-no e-con e-parent\" data-id=\"17575fe8\" data-element_type=\"container\" href=\"https:\/\/1riboavista.com.br\/new\/semana-de-regularizacao-fundiaria-solo-seguro\/\">\n\t\t\t\t<div class=\"elementor-element elementor-element-7fe30325 elementor-widget__width-inherit elementor-widget elementor-widget-theme-post-featured-image elementor-widget-image\" data-id=\"7fe30325\" data-element_type=\"widget\" data-widget_type=\"theme-post-featured-image.default\">\n\t\t\t\t<div class=\"elementor-widget-container\">\n\t\t\t\t\t\t\t\t\t\t\t\t\t\t\t<img decoding=\"async\" width=\"1822\" height=\"431\" src=\"https:\/\/1riboavista.com.br\/new\/wp-content\/uploads\/2023\/08\/BANERcopiar.jpg\" class=\"attachment-full size-full wp-image-938\" alt=\"\" srcset=\"https:\/\/1riboavista.com.br\/new\/wp-content\/uploads\/2023\/08\/BANERcopiar.jpg 1822w, https:\/\/1riboavista.com.br\/new\/wp-content\/uploads\/2023\/08\/BANERcopiar-300x71.jpg 300w, https:\/\/1riboavista.com.br\/new\/wp-content\/uploads\/2023\/08\/BANERcopiar-1024x242.jpg 1024w, https:\/\/1riboavista.com.br\/new\/wp-content\/uploads\/2023\/08\/BANERcopiar-768x182.jpg 768w, https:\/\/1riboavista.com.br\/new\/wp-content\/uploads\/2023\/08\/BANERcopiar-1536x363.jpg 1536w\" sizes=\"(max-width: 1822px) 100vw, 1822px\" \/>\t\t\t\t\t\t\t\t\t\t\t\t\t\t\t<\/div>\n\t\t\t\t<\/div>\n\t\t<div class=\"elementor-element elementor-element-3b843677 e-con-full e-flex wpr-particle-no wpr-jarallax-no wpr-parallax-no wpr-sticky-section-no e-con e-parent\" data-id=\"3b843677\" data-element_type=\"container\">\n\t\t\t\t<div class=\"elementor-element elementor-element-1ae228d2 elementor-widget elementor-widget-heading\" data-id=\"1ae228d2\" data-element_type=\"widget\" data-widget_type=\"heading.default\">\n\t\t\t\t<div class=\"elementor-widget-container\">\n\t\t\t\t\t<p class=\"elementor-heading-title elementor-size-default\"><span>noticias<\/span><\/p>\t\t\t\t<\/div>\n\t\t\t\t<\/div>\n\t\t\t\t<div class=\"elementor-element elementor-element-4423dc9e elementor-widget elementor-widget-heading\" data-id=\"4423dc9e\" data-element_type=\"widget\" data-widget_type=\"heading.default\">\n\t\t\t\t<div class=\"elementor-widget-container\">\n\t\t\t\t\t<p class=\"elementor-heading-title elementor-size-default\">10 ago 2023<\/p>\t\t\t\t<\/div>\n\t\t\t\t<\/div>\n\t\t\t\t<\/div>\n\t\t\t\t<div class=\"elementor-element elementor-element-7b9e0936 elementor-widget elementor-widget-theme-post-title elementor-page-title elementor-widget-heading\" data-id=\"7b9e0936\" data-element_type=\"widget\" data-widget_type=\"theme-post-title.default\">\n\t\t\t\t<div class=\"elementor-widget-container\">\n\t\t\t\t\t<h4 class=\"elementor-heading-title elementor-size-default\">Semana de Regulariza\u00e7\u00e3o Fundi\u00e1ria Solo Seguro<\/h4>\t\t\t\t<\/div>\n\t\t\t\t<\/div>\n\t\t\t\t<div class=\"elementor-element elementor-element-6eeca255 elementor-widget elementor-widget-theme-post-excerpt\" data-id=\"6eeca255\" data-element_type=\"widget\" data-widget_type=\"theme-post-excerpt.default\">\n\t\t\t\t<div class=\"elementor-widget-container\">\n\t\t\t\t\tA Corregedoria-Geral de justi\u00e7a convida Vossa Senhoria a participar da 1\u00aa CONFER\u00caNCIA DE 2023 - DIREITO NOTARIAL E REGISTRAL...\t\t\t\t<\/div>\n\t\t\t\t<\/div>\n\t\t\t\t<\/a>\n\t\t\t\t\t\t\t<\/div>\n\t\t\t\t<\/div>\n\t\t\t\t<div data-elementor-type=\"loop-item\" data-elementor-id=\"743\" class=\"elementor elementor-743 e-loop-item e-loop-item-922 post-922 post type-post status-publish format-standard has-post-thumbnail hentry category-noticias\" data-custom-edit-handle=\"1\">\n\t\t\t\t\t<div class=\"elementor-section-wrap\">\n\t\t\t\t\t\t<a class=\"elementor-element elementor-element-17575fe8 e-con-full e-flex wpr-particle-no wpr-jarallax-no wpr-parallax-no wpr-sticky-section-no e-con e-parent\" data-id=\"17575fe8\" data-element_type=\"container\" href=\"https:\/\/1riboavista.com.br\/new\/reuniao-de-alinhamento-para-termo-de-cooperacao-entre-iteraima-e-cartorio-de-registro-de-imoveis\/\">\n\t\t\t\t<div class=\"elementor-element elementor-element-7fe30325 elementor-widget__width-inherit elementor-widget elementor-widget-theme-post-featured-image elementor-widget-image\" data-id=\"7fe30325\" data-element_type=\"widget\" data-widget_type=\"theme-post-featured-image.default\">\n\t\t\t\t<div class=\"elementor-widget-container\">\n\t\t\t\t\t\t\t\t\t\t\t\t\t\t\t<img decoding=\"async\" width=\"1052\" height=\"790\" src=\"https:\/\/1riboavista.com.br\/new\/wp-content\/uploads\/2023\/07\/03-2.jpg\" class=\"attachment-full size-full wp-image-931\" alt=\"\" srcset=\"https:\/\/1riboavista.com.br\/new\/wp-content\/uploads\/2023\/07\/03-2.jpg 1052w, https:\/\/1riboavista.com.br\/new\/wp-content\/uploads\/2023\/07\/03-2-300x225.jpg 300w, https:\/\/1riboavista.com.br\/new\/wp-content\/uploads\/2023\/07\/03-2-1024x769.jpg 1024w, https:\/\/1riboavista.com.br\/new\/wp-content\/uploads\/2023\/07\/03-2-768x577.jpg 768w\" sizes=\"(max-width: 1052px) 100vw, 1052px\" \/>\t\t\t\t\t\t\t\t\t\t\t\t\t\t\t<\/div>\n\t\t\t\t<\/div>\n\t\t<div class=\"elementor-element elementor-element-3b843677 e-con-full e-flex wpr-particle-no wpr-jarallax-no wpr-parallax-no wpr-sticky-section-no e-con e-parent\" data-id=\"3b843677\" data-element_type=\"container\">\n\t\t\t\t<div class=\"elementor-element elementor-element-1ae228d2 elementor-widget elementor-widget-heading\" data-id=\"1ae228d2\" data-element_type=\"widget\" data-widget_type=\"heading.default\">\n\t\t\t\t<div class=\"elementor-widget-container\">\n\t\t\t\t\t<p class=\"elementor-heading-title elementor-size-default\"><span>noticias<\/span><\/p>\t\t\t\t<\/div>\n\t\t\t\t<\/div>\n\t\t\t\t<div class=\"elementor-element elementor-element-4423dc9e elementor-widget elementor-widget-heading\" data-id=\"4423dc9e\" data-element_type=\"widget\" data-widget_type=\"heading.default\">\n\t\t\t\t<div class=\"elementor-widget-container\">\n\t\t\t\t\t<p class=\"elementor-heading-title elementor-size-default\">6 jul 2023<\/p>\t\t\t\t<\/div>\n\t\t\t\t<\/div>\n\t\t\t\t<\/div>\n\t\t\t\t<div class=\"elementor-element elementor-element-7b9e0936 elementor-widget elementor-widget-theme-post-title elementor-page-title elementor-widget-heading\" data-id=\"7b9e0936\" data-element_type=\"widget\" data-widget_type=\"theme-post-title.default\">\n\t\t\t\t<div class=\"elementor-widget-container\">\n\t\t\t\t\t<h4 class=\"elementor-heading-title elementor-size-default\">REUNI\u00c3O DE ALINHAMENTO PARA TERMO DE COOPERA\u00c7\u00c3O ENTRE ITERAIMA E CART\u00d3RIO DE REGISTRO DE IM\u00d3VEIS<\/h4>\t\t\t\t<\/div>\n\t\t\t\t<\/div>\n\t\t\t\t<\/a>\n\t\t\t\t\t\t\t<\/div>\n\t\t\t\t<\/div>\n\t\t\t\t<div data-elementor-type=\"loop-item\" data-elementor-id=\"743\" class=\"elementor elementor-743 e-loop-item e-loop-item-740 post-740 post type-post status-publish format-standard has-post-thumbnail hentry category-noticias\" data-custom-edit-handle=\"1\">\n\t\t\t\t\t<div class=\"elementor-section-wrap\">\n\t\t\t\t\t\t<a class=\"elementor-element elementor-element-17575fe8 e-con-full e-flex wpr-particle-no wpr-jarallax-no wpr-parallax-no wpr-sticky-section-no e-con e-parent\" data-id=\"17575fe8\" data-element_type=\"container\" href=\"https:\/\/1riboavista.com.br\/new\/contratos-eletronicos-no-novo-minha-casa-minha-vida\/\">\n\t\t\t\t<div class=\"elementor-element elementor-element-7fe30325 elementor-widget__width-inherit elementor-widget elementor-widget-theme-post-featured-image elementor-widget-image\" data-id=\"7fe30325\" data-element_type=\"widget\" data-widget_type=\"theme-post-featured-image.default\">\n\t\t\t\t<div class=\"elementor-widget-container\">\n\t\t\t\t\t\t\t\t\t\t\t\t\t\t\t<img loading=\"lazy\" decoding=\"async\" width=\"800\" height=\"594\" src=\"https:\/\/1riboavista.com.br\/new\/wp-content\/uploads\/2023\/05\/minha-casa.jpg\" class=\"attachment-full size-full wp-image-741\" alt=\"\" srcset=\"https:\/\/1riboavista.com.br\/new\/wp-content\/uploads\/2023\/05\/minha-casa.jpg 800w, https:\/\/1riboavista.com.br\/new\/wp-content\/uploads\/2023\/05\/minha-casa-300x223.jpg 300w, https:\/\/1riboavista.com.br\/new\/wp-content\/uploads\/2023\/05\/minha-casa-768x570.jpg 768w\" sizes=\"(max-width: 800px) 100vw, 800px\" \/>\t\t\t\t\t\t\t\t\t\t\t\t\t\t\t<\/div>\n\t\t\t\t<\/div>\n\t\t<div class=\"elementor-element elementor-element-3b843677 e-con-full e-flex wpr-particle-no wpr-jarallax-no wpr-parallax-no wpr-sticky-section-no e-con e-parent\" data-id=\"3b843677\" data-element_type=\"container\">\n\t\t\t\t<div class=\"elementor-element elementor-element-1ae228d2 elementor-widget elementor-widget-heading\" data-id=\"1ae228d2\" data-element_type=\"widget\" data-widget_type=\"heading.default\">\n\t\t\t\t<div class=\"elementor-widget-container\">\n\t\t\t\t\t<p class=\"elementor-heading-title elementor-size-default\"><span>noticias<\/span><\/p>\t\t\t\t<\/div>\n\t\t\t\t<\/div>\n\t\t\t\t<div class=\"elementor-element elementor-element-4423dc9e elementor-widget elementor-widget-heading\" data-id=\"4423dc9e\" data-element_type=\"widget\" data-widget_type=\"heading.default\">\n\t\t\t\t<div class=\"elementor-widget-container\">\n\t\t\t\t\t<p class=\"elementor-heading-title elementor-size-default\">16 maio 2023<\/p>\t\t\t\t<\/div>\n\t\t\t\t<\/div>\n\t\t\t\t<\/div>\n\t\t\t\t<div class=\"elementor-element elementor-element-7b9e0936 elementor-widget elementor-widget-theme-post-title elementor-page-title elementor-widget-heading\" data-id=\"7b9e0936\" data-element_type=\"widget\" data-widget_type=\"theme-post-title.default\">\n\t\t\t\t<div class=\"elementor-widget-container\">\n\t\t\t\t\t<h4 class=\"elementor-heading-title elementor-size-default\">Contratos eletr\u00f4nicos no novo Minha Casa, Minha Vida<\/h4>\t\t\t\t<\/div>\n\t\t\t\t<\/div>\n\t\t\t\t<div class=\"elementor-element elementor-element-6eeca255 elementor-widget elementor-widget-theme-post-excerpt\" data-id=\"6eeca255\" data-element_type=\"widget\" data-widget_type=\"theme-post-excerpt.default\">\n\t\t\t\t<div class=\"elementor-widget-container\">\n\t\t\t\t\tRetomada do programa habitacional conta com novidades que facilitam a elabora\u00e7\u00e3o e a assinatura dos contratos\t\t\t\t<\/div>\n\t\t\t\t<\/div>\n\t\t\t\t<\/a>\n\t\t\t\t\t\t\t<\/div>\n\t\t\t\t<\/div>\n\t\t\t\t<\/div>\n\t\t\t\t\t<span class=\"e-load-more-spinner\">\n\t\t\t\t<svg aria-hidden=\"true\" class=\"e-font-icon-svg e-fas-sync\" viewBox=\"0 0 512 512\" xmlns=\"http:\/\/www.w3.org\/2000\/svg\"><path d=\"M440.65 12.57l4 82.77A247.16 247.16 0 0 0 255.83 8C134.73 8 33.91 94.92 12.29 209.82A12 12 0 0 0 24.09 224h49.05a12 12 0 0 0 11.67-9.26 175.91 175.91 0 0 1 317-56.94l-101.46-4.86a12 12 0 0 0-12.57 12v47.41a12 12 0 0 0 12 12H500a12 12 0 0 0 12-12V12a12 12 0 0 0-12-12h-47.37a12 12 0 0 0-11.98 12.57zM255.83 432a175.61 175.61 0 0 1-146-77.8l101.8 4.87a12 12 0 0 0 12.57-12v-47.4a12 12 0 0 0-12-12H12a12 12 0 0 0-12 12V500a12 12 0 0 0 12 12h47.35a12 12 0 0 0 12-12.6l-4.15-82.57A247.17 247.17 0 0 0 255.83 504c121.11 0 221.93-86.92 243.55-201.82a12 12 0 0 0-11.8-14.18h-49.05a12 12 0 0 0-11.67 9.26A175.86 175.86 0 0 1 255.83 432z\"><\/path><\/svg>\t\t\t<\/span>\n\t\t\n\t\t\t\t<div class=\"e-load-more-anchor\" data-page=\"1\" data-max-page=\"2\" data-next-page=\"https:\/\/1riboavista.com.br\/new\/wp-json\/wp\/v2\/pages\/726\/page\/2\/\"><\/div>\n\t\t\t\t<div class=\"e-loop__load-more elementor-button-wrapper\">\n\t\t\t<a href=\"#\" class=\"elementor-button-link elementor-button\" role=\"button\">\n\t\t\t\t\t\t<span class=\"elementor-button-content-wrapper\">\n\t\t\t\t\t\t\t<span class=\"elementor-button-icon elementor-align-icon-left\">\n\t\t\t\t<svg aria-hidden=\"true\" class=\"e-font-icon-svg e-fas-plus\" viewBox=\"0 0 448 512\" xmlns=\"http:\/\/www.w3.org\/2000\/svg\"><path d=\"M416 208H272V64c0-17.67-14.33-32-32-32h-32c-17.67 0-32 14.33-32 32v144H32c-17.67 0-32 14.33-32 32v32c0 17.67 14.33 32 32 32h144v144c0 17.67 14.33 32 32 32h32c17.67 0 32-14.33 32-32V304h144c17.67 0 32-14.33 32-32v-32c0-17.67-14.33-32-32-32z\"><\/path><\/svg>\t\t\t<\/span>\n\t\t\t\t\t\t<span class=\"elementor-button-text\">Not\u00edcias<\/span>\n\t\t<\/span>\n\t\t\t\t\t<\/a>\n\t\t<\/div>\n\t\t\t\t<div class=\"e-load-more-message\"><\/div>\n\t\t\t\t\t\t<\/div>\n\t\t\t\t<\/div>\n\t\t\t\t\t<\/div>\n\t\t\t\t<\/div>\n\t\t\t\t<\/div>\n\t\t","protected":false},"excerpt":{"rendered":"","protected":false},"author":1,"featured_media":0,"parent":0,"menu_order":0,"comment_status":"closed","ping_status":"closed","template":"","meta":{"footnotes":""},"class_list":["post-726","page","type-page","status-publish","hentry"],"_links":{"self":[{"href":"https:\/\/1riboavista.com.br\/new\/wp-json\/wp\/v2\/pages\/726","targetHints":{"allow":["GET"]}}],"collection":[{"href":"https:\/\/1riboavista.com.br\/new\/wp-json\/wp\/v2\/pages"}],"about":[{"href":"https:\/\/1riboavista.com.br\/new\/wp-json\/wp\/v2\/types\/page"}],"author":[{"embeddable":true,"href":"https:\/\/1riboavista.com.br\/new\/wp-json\/wp\/v2\/users\/1"}],"replies":[{"embeddable":true,"href":"https:\/\/1riboavista.com.br\/new\/wp-json\/wp\/v2\/comments?post=726"}],"version-history":[{"count":4,"href":"https:\/\/1riboavista.com.br\/new\/wp-json\/wp\/v2\/pages\/726\/revisions"}],"predecessor-version":[{"id":757,"href":"https:\/\/1riboavista.com.br\/new\/wp-json\/wp\/v2\/pages\/726\/revisions\/757"}],"wp:attachment":[{"href":"https:\/\/1riboavista.com.br\/new\/wp-json\/wp\/v2\/media?parent=726"}],"curies":[{"name":"wp","href":"https:\/\/api.w.org\/{rel}","templated":true}]}}